{"id":803,"date":"2021-06-28T16:16:08","date_gmt":"2021-06-28T14:16:08","guid":{"rendered":"https:\/\/mrs-french.com\/?page_id=803"},"modified":"2021-06-28T16:59:22","modified_gmt":"2021-06-28T14:59:22","slug":"mentions-legales","status":"publish","type":"page","link":"https:\/\/mrs-french.com\/en\/mentions-legales\/","title":{"rendered":"Legals"},"content":{"rendered":"\t\t<div data-elementor-type=\"wp-page\" data-elementor-id=\"803\" class=\"elementor elementor-803\">\n\t\t\t\t\t\t\t\t\t<section class=\"elementor-section elementor-top-section elementor-element elementor-element-1dca5462 elementor-section-boxed elementor-section-height-default elementor-section-height-default\" data-id=\"1dca5462\" data-element_type=\"section\">\n\t\t\t\t\t\t<div class=\"elementor-container elementor-column-gap-default\">\n\t\t\t\t\t<div class=\"elementor-column elementor-col-100 elementor-top-column elementor-element elementor-element-750c0e6a\" data-id=\"750c0e6a\" data-element_type=\"column\">\n\t\t\t<div class=\"elementor-widget-wrap elementor-element-populated\">\n\t\t\t\t\t\t\t\t<div class=\"elementor-element elementor-element-816c83a elementor-widget elementor-widget-heading\" data-id=\"816c83a\" data-element_type=\"widget\" data-widget_type=\"heading.default\">\n\t\t\t\t<div class=\"elementor-widget-container\">\n\t\t\t<style>\/*! elementor - v3.6.7 - 03-07-2022 *\/\n.elementor-heading-title{padding:0;margin:0;line-height:1}.elementor-widget-heading .elementor-heading-title[class*=elementor-size-]>a{color:inherit;font-size:inherit;line-height:inherit}.elementor-widget-heading .elementor-heading-title.elementor-size-small{font-size:15px}.elementor-widget-heading .elementor-heading-title.elementor-size-medium{font-size:19px}.elementor-widget-heading .elementor-heading-title.elementor-size-large{font-size:29px}.elementor-widget-heading .elementor-heading-title.elementor-size-xl{font-size:39px}.elementor-widget-heading .elementor-heading-title.elementor-size-xxl{font-size:59px}<\/style><h2 class=\"elementor-heading-title elementor-size-default\">Mentions L\u00e9gales<\/h2>\t\t<\/div>\n\t\t\t\t<\/div>\n\t\t\t\t<div class=\"elementor-element elementor-element-f7f4d9f elementor-widget elementor-widget-text-editor\" data-id=\"f7f4d9f\" data-element_type=\"widget\" data-widget_type=\"text-editor.default\">\n\t\t\t\t<div class=\"elementor-widget-container\">\n\t\t\t<style>\/*! elementor - v3.6.7 - 03-07-2022 *\/\n.elementor-widget-text-editor.elementor-drop-cap-view-stacked .elementor-drop-cap{background-color:#818a91;color:#fff}.elementor-widget-text-editor.elementor-drop-cap-view-framed .elementor-drop-cap{color:#818a91;border:3px solid;background-color:transparent}.elementor-widget-text-editor:not(.elementor-drop-cap-view-default) .elementor-drop-cap{margin-top:8px}.elementor-widget-text-editor:not(.elementor-drop-cap-view-default) .elementor-drop-cap-letter{width:1em;height:1em}.elementor-widget-text-editor .elementor-drop-cap{float:left;text-align:center;line-height:1;font-size:50px}.elementor-widget-text-editor .elementor-drop-cap-letter{display:inline-block}<\/style>\t\t\t\t<!-- wp:heading {\"level\":1} -->\n<h1>PROPRI\u00c9TAIRE DU SITE :<\/h1>\n<!-- \/wp:heading --><!-- wp:paragraph -->\n<p>MRS FRENCH<\/p>\n<p><blockquote class=\"wp-embedded-content\" data-secret=\"CT8cRTn2X6\"><a href=\"https:\/\/mrs-french.com\/\"><\/a><\/blockquote><iframe class=\"wp-embedded-content\" sandbox=\"allow-scripts\" security=\"restricted\" style=\"position: absolute; clip: rect(1px, 1px, 1px, 1px);\" title=\"&#8220;&#8221; &#8212; Mrs French\" src=\"https:\/\/mrs-french.com\/embed\/#?secret=CT8cRTn2X6\" data-secret=\"CT8cRTn2X6\" width=\"600\" height=\"338\" frameborder=\"0\" marginwidth=\"0\" marginheight=\"0\" scrolling=\"no\"><\/iframe><\/p>\n<!-- \/wp:paragraph --><!-- wp:paragraph -->\n<p>Sophie BIANCHIN<br \/>G\u00e9rante<br \/>t\u00e9l :<strong>\u00a0+ 33 (0)6 13 35 76 07<\/strong><\/p>\n<p>\u00a0<\/p>\n<!-- \/wp:paragraph --><!-- wp:quote -->\n<blockquote class=\"wp-block-quote\">\n<p>L\u2019ensemble de ce site rel\u00e8ve des l\u00e9gislations fran\u00e7aise et internationale sur le droit d\u2019auteur et la propri\u00e9t\u00e9 intellectuelle.<\/p>\n<p>Tous les droits de reproduction sont r\u00e9serv\u00e9s, y compris pour les documents iconographiques et photographiques.<\/p>\n<\/blockquote>\n<!-- \/wp:quote --><!-- wp:heading {\"level\":3} -->\n<h3>\u00a0<\/h3>\n<h3>Cr\u00e9ation\u00a0 du site :<\/h3>\n<!-- \/wp:heading --><!-- wp:paragraph -->\n<p><strong>MC3W<\/strong><br \/>Webmaster \u2013 Marie CASTANT<\/p>\n<!-- \/wp:paragraph --><!-- wp:paragraph -->\n<p><strong>Adresse :<\/strong><br \/>57 bis B cours Pasteur<br \/>33000 Bordeaux<\/p>\n<!-- \/wp:paragraph --><!-- wp:paragraph -->\n<p>T\u00e9l : 06 81 43 51 42<\/p>\n<!-- \/wp:paragraph --><!-- wp:paragraph -->\n<p><a href=\"http:\/\/mc3w.fr\/\">mc3w.fr<\/a><\/p>\n<!-- \/wp:paragraph --><!-- wp:paragraph -->\n<p>\u00a0<\/p>\n<!-- \/wp:paragraph --><!-- wp:heading {\"level\":3} -->\n<h3>H\u00e9bergeur du site :<\/h3>\n<!-- \/wp:heading --><!-- wp:paragraph -->\n<p>OVH<\/p>\n<p>Ce site est h\u00e9berg\u00e9 par la soci\u00e9t\u00e9 OVH http:\/\/www.ovh.com<br \/>Le nom de domaine est h\u00e9berg\u00e9 par la soci\u00e9t\u00e9 OVH\u00a0<a href=\"http:\/\/www.ovh.com\/\">http:\/\/www.ovh.com<\/a><br \/>OVH SAS au capital de 500 k\u20ac RCS Roubaix \u2013 Tourcoing 424 761 419 00011<br \/>Si\u00e8ge social : 140 Quai du Sartel \u2013 59100 Roubaix \u2013 France. .<\/p>\n<!-- \/wp:paragraph --><!-- wp:heading {\"level\":3} -->\n<h3>Conditions g\u00e9n\u00e9rales d\u2019utilisation<\/h3>\n<!-- \/wp:heading --><!-- wp:paragraph -->\n<p>L\u2019utilisation de ce service est r\u00e9serv\u00e9e \u00e0 un usage strictement personnel. Toute reproduction ou repr\u00e9sentation, en tout ou partie, \u00e0 d\u2019autres fins sur un quelconque support est interdite. Le non-respect de cette interdiction constitue une contrefa\u00e7on pouvant engager la responsabilit\u00e9 civile et p\u00e9nale du contrefacteur. Les informations contenues dans ce service sont non contractuelles et sujettes \u00e0 modification sans pr\u00e9avis. Les caract\u00e9ristiques et la disponibilit\u00e9 des produits et services mentionn\u00e9s dans ce service web sont valables pour la France m\u00e9tropolitaine.<\/p>\n<!-- \/wp:paragraph --><!-- wp:heading {\"level\":3} -->\n<h3>L\u00e9gislation fran\u00e7aise<\/h3>\n<!-- \/wp:heading --><!-- wp:paragraph -->\n<p>Droit d\u2019acc\u00e8s au fichier informatis\u00e9 : tout utilisateur ayant d\u00e9pos\u00e9 dans le service des informations directement ou indirectement nominatives peut demander la communication des informations nominatives le concernant \u00e0 l\u2019administrateur du service et les faire rectifier le cas \u00e9ch\u00e9ant, conform\u00e9ment \u00e0 la loi fran\u00e7aise No 78-17 du 6 janvier 1978 relative \u00e0 l\u2019informatique, aux fichiers et aux libert\u00e9s.<\/p>\n<!-- \/wp:paragraph -->\t\t\t\t\t\t<\/div>\n\t\t\t\t<\/div>\n\t\t\t\t\t<\/div>\n\t\t<\/div>\n\t\t\t\t\t\t\t<\/div>\n\t\t<\/section>\n\t\t\t\t\t\t\t<\/div>\n\t\t","protected":false},"excerpt":{"rendered":"<p>Mentions L\u00e9gales PROPRI\u00c9TAIRE DU SITE : MRS FRENCH Sophie BIANCHING\u00e9rantet\u00e9l :&nbsp;+ 33 (0)6 13 35 76 07 &nbsp; L\u2019ensemble de ce site rel\u00e8ve des l\u00e9gislations fran\u00e7aise et internationale sur le droit d\u2019auteur et la propri\u00e9t\u00e9 intellectuelle. Tous les droits de reproduction sont r\u00e9serv\u00e9s, y compris pour les documents iconographiques et photographiques. \u00a0 Cr\u00e9ation\u00a0 du site [&hellip;]<\/p>\n","protected":false},"author":2,"featured_media":0,"parent":0,"menu_order":0,"comment_status":"closed","ping_status":"closed","template":"","meta":[],"_links":{"self":[{"href":"https:\/\/mrs-french.com\/en\/wp-json\/wp\/v2\/pages\/803"}],"collection":[{"href":"https:\/\/mrs-french.com\/en\/wp-json\/wp\/v2\/pages"}],"about":[{"href":"https:\/\/mrs-french.com\/en\/wp-json\/wp\/v2\/types\/page"}],"author":[{"embeddable":true,"href":"https:\/\/mrs-french.com\/en\/wp-json\/wp\/v2\/users\/2"}],"replies":[{"embeddable":true,"href":"https:\/\/mrs-french.com\/en\/wp-json\/wp\/v2\/comments?post=803"}],"version-history":[{"count":2,"href":"https:\/\/mrs-french.com\/en\/wp-json\/wp\/v2\/pages\/803\/revisions"}],"predecessor-version":[{"id":848,"href":"https:\/\/mrs-french.com\/en\/wp-json\/wp\/v2\/pages\/803\/revisions\/848"}],"wp:attachment":[{"href":"https:\/\/mrs-french.com\/en\/wp-json\/wp\/v2\/media?parent=803"}],"curies":[{"name":"wp","href":"https:\/\/api.w.org\/{rel}","templated":true}]}}